{"id":4747,"date":"2026-01-06T11:42:57","date_gmt":"2026-01-06T14:42:57","guid":{"rendered":"https:\/\/sebras.com.br\/?page_id=4747"},"modified":"2026-01-06T11:53:14","modified_gmt":"2026-01-06T14:53:14","slug":"distribuidoressebras","status":"publish","type":"page","link":"https:\/\/sebras.com.br\/es\/distribuidoressebras\/","title":{"rendered":"Distribuidores SEBRAS"},"content":{"rendered":"<div data-elementor-type=\"wp-page\" data-elementor-id=\"4747\" class=\"elementor elementor-4747\" data-elementor-post-type=\"page\">\n\t\t\t\t<div class=\"elementor-element elementor-element-116319e e-con-full e-flex e-con e-parent\" data-id=\"116319e\" data-element_type=\"container\" data-settings=\"{&quot;background_background&quot;:&quot;video&quot;}\">\n\t\t\t\t<div class=\"elementor-element elementor-element-be7ef32 elementor--h-position-left elementor--v-position-bottom elementor-arrows-position-inside elementor-pagination-position-inside elementor-widget elementor-widget-slides\" data-id=\"be7ef32\" data-element_type=\"widget\" data-settings=\"{&quot;navigation&quot;:&quot;both&quot;,&quot;autoplay&quot;:&quot;yes&quot;,&quot;pause_on_hover&quot;:&quot;yes&quot;,&quot;pause_on_interaction&quot;:&quot;yes&quot;,&quot;autoplay_speed&quot;:5000,&quot;infinite&quot;:&quot;yes&quot;,&quot;transition&quot;:&quot;slide&quot;,&quot;transition_speed&quot;:500}\" data-widget_type=\"slides.default\">\n\t\t\t\t<div class=\"elementor-widget-container\">\n\t\t\t\t\t\t\t\t\t<div class=\"elementor-swiper\">\n\t\t\t\t\t<div class=\"elementor-slides-wrapper elementor-main-swiper swiper\" role=\"region\" aria-roledescription=\"carousel\" aria-label=\"Slides\" dir=\"ltr\" data-animation=\"fadeInUp\">\n\t\t\t\t<div class=\"swiper-wrapper elementor-slides\">\n\t\t\t\t\t\t\t\t\t\t<div class=\"elementor-repeater-item-d7b2489 swiper-slide\" role=\"group\" aria-roledescription=\"slide\"><div class=\"swiper-slide-bg\" role=\"img\"><\/div><div class=\"elementor-background-overlay\"><\/div><div class=\"swiper-slide-inner\" ><div class=\"swiper-slide-contents\"><div class=\"elementor-slide-heading\">Soluciones inteligentes SEBRAS, presentes en toda Am\u00e9rica.<\/div><\/div><\/div><\/div>\t\t\t\t<\/div>\n\t\t\t\t\t\t\t<\/div>\n\t\t\t\t<\/div>\n\t\t\t\t\t\t\t\t<\/div>\n\t\t\t\t<\/div>\n\t\t\t\t<\/div>\n\t\t<div class=\"elementor-element elementor-element-01f7a5d e-flex e-con-boxed e-con e-parent\" data-id=\"01f7a5d\" data-element_type=\"container\">\n\t\t\t\t\t<div class=\"e-con-inner\">\n\t\t\t\t<div class=\"elementor-element elementor-element-4c858b4 elementor-widget elementor-widget-text-editor\" data-id=\"4c858b4\" data-element_type=\"widget\" data-widget_type=\"text-editor.default\">\n\t\t\t\t<div class=\"elementor-widget-container\">\n\t\t\t\t\t\t\t\t\t<h5>Encontre o distribuidor SEBRAS mais pr\u00f3ximo de voc\u00ea e conte com solu\u00e7\u00f5es certificadas, suporte especializado e agilidade em cada etapa do seu projeto.<\/h5>\t\t\t\t\t\t\t\t<\/div>\n\t\t\t\t<\/div>\n\t\t<div class=\"elementor-element elementor-element-3e87ade e-grid e-con-full e-con e-child\" data-id=\"3e87ade\" data-element_type=\"container\">\n\t\t\t\t<div class=\"elementor-element elementor-element-486bb3e elementor-widget elementor-widget-image\" data-id=\"486bb3e\" data-element_type=\"widget\" data-widget_type=\"image.default\">\n\t\t\t\t<div class=\"elementor-widget-container\">\n\t\t\t\t\t\t\t\t\t\t\t\t\t\t\t<img fetchpriority=\"high\" decoding=\"async\" width=\"1185\" height=\"492\" src=\"https:\/\/sebras.com.br\/site\/wp-content\/uploads\/2026\/01\/KOZIM.jpg\" class=\"attachment-full size-full wp-image-4807\" alt=\"\" srcset=\"https:\/\/sebras.com.br\/site\/wp-content\/uploads\/2026\/01\/KOZIM.jpg 1185w, https:\/\/sebras.com.br\/site\/wp-content\/uploads\/2026\/01\/KOZIM-300x125.jpg 300w, https:\/\/sebras.com.br\/site\/wp-content\/uploads\/2026\/01\/KOZIM-1024x425.jpg 1024w, https:\/\/sebras.com.br\/site\/wp-content\/uploads\/2026\/01\/KOZIM-768x319.jpg 768w, https:\/\/sebras.com.br\/site\/wp-content\/uploads\/2026\/01\/KOZIM-18x7.jpg 18w\" sizes=\"(max-width: 1185px) 100vw, 1185px\" \/>\t\t\t\t\t\t\t\t\t\t\t\t\t\t\t<\/div>\n\t\t\t\t<\/div>\n\t\t\t\t<div class=\"elementor-element elementor-element-f92ca47 elementor-widget elementor-widget-text-editor\" data-id=\"f92ca47\" data-element_type=\"widget\" data-widget_type=\"text-editor.default\">\n\t\t\t\t<div class=\"elementor-widget-container\">\n\t\t\t\t\t\t\t\t\t<p><strong>Grupo Kosim<br \/><\/strong><strong><em>Pa\u00eds:<\/em><\/strong><em> Argentina<\/em><\/p><p><strong>Diretora<\/strong> &#8211; Patricia Ortiz<br \/>ortiz@grupokosim.com | +54 9 11 3832-5008<\/p><p><strong>Diretor<\/strong> &#8211; Gregorio Keller<br \/>keller@grupokosim.com | +54 9 11 3832-5252<\/p><p><strong>Site:<\/strong> <a href=\"https:\/\/grupokosim.com\/\" target=\"_blank\" rel=\"noopener\">https:\/\/grupokosim.com\/<\/a><\/p>\t\t\t\t\t\t\t\t<\/div>\n\t\t\t\t<\/div>\n\t\t\t\t<div class=\"elementor-element elementor-element-2f9b376 elementor-widget elementor-widget-image\" data-id=\"2f9b376\" data-element_type=\"widget\" data-widget_type=\"image.default\">\n\t\t\t\t<div class=\"elementor-widget-container\">\n\t\t\t\t\t\t\t\t\t\t\t\t\t\t\t<img decoding=\"async\" width=\"1185\" height=\"492\" src=\"https:\/\/sebras.com.br\/site\/wp-content\/uploads\/2026\/01\/Cormade.jpg\" class=\"attachment-full size-full wp-image-4805\" alt=\"\" srcset=\"https:\/\/sebras.com.br\/site\/wp-content\/uploads\/2026\/01\/Cormade.jpg 1185w, https:\/\/sebras.com.br\/site\/wp-content\/uploads\/2026\/01\/Cormade-300x125.jpg 300w, https:\/\/sebras.com.br\/site\/wp-content\/uploads\/2026\/01\/Cormade-1024x425.jpg 1024w, https:\/\/sebras.com.br\/site\/wp-content\/uploads\/2026\/01\/Cormade-768x319.jpg 768w, https:\/\/sebras.com.br\/site\/wp-content\/uploads\/2026\/01\/Cormade-18x7.jpg 18w\" sizes=\"(max-width: 1185px) 100vw, 1185px\" \/>\t\t\t\t\t\t\t\t\t\t\t\t\t\t\t<\/div>\n\t\t\t\t<\/div>\n\t\t\t\t<div class=\"elementor-element elementor-element-02ad711 elementor-widget elementor-widget-text-editor\" data-id=\"02ad711\" data-element_type=\"widget\" data-widget_type=\"text-editor.default\">\n\t\t\t\t<div class=\"elementor-widget-container\">\n\t\t\t\t\t\t\t\t\t<p><strong>Rodados Mediterranea \/ Portones Automaticos Cordoba SA \/ Cormade<\/strong> <br \/><strong><em>Pa\u00eds:<\/em><\/strong><em> Argentina<\/em><\/p><p><strong>Diretor<\/strong> &#8211; Juan Pablo Pedernera<br \/>jpedernera@rodmedit.com.ar | +54 9 351 615-8433<br \/><strong style=\"font-size: 1rem;\">Representante<\/strong><span style=\"font-size: 1rem;\"> &#8211; Nicol\u00e1s Ruffino<br \/><\/span><span style=\"font-size: 1rem;\">nruffino@cormade.com.ar | +54 9 3516 50-6823<\/span><\/p><p><strong>Site:<\/strong> <a href=\"https:\/\/cormade.com.ar\/\" target=\"_blank\" rel=\"noopener\">https:\/\/cormade.com.ar\/<\/a><br \/><span style=\"font-size: 1rem;\"><strong>Instagram:<\/strong> <a href=\"https:\/\/www.instagram.com\/rodmedit_cba\/\" target=\"_blank\" rel=\"noopener\">https:\/\/www.instagram.com\/rodmedit_cba\/<\/a><\/span><\/p>\t\t\t\t\t\t\t\t<\/div>\n\t\t\t\t<\/div>\n\t\t\t\t<div class=\"elementor-element elementor-element-cccbd92 elementor-widget elementor-widget-image\" data-id=\"cccbd92\" data-element_type=\"widget\" data-widget_type=\"image.default\">\n\t\t\t\t<div class=\"elementor-widget-container\">\n\t\t\t\t\t\t\t\t\t\t\t\t\t\t\t<img decoding=\"async\" width=\"800\" height=\"332\" src=\"https:\/\/sebras.com.br\/site\/wp-content\/uploads\/2026\/01\/Remicorp-1024x425.jpg\" class=\"attachment-large size-large wp-image-4810\" alt=\"\" srcset=\"https:\/\/sebras.com.br\/site\/wp-content\/uploads\/2026\/01\/Remicorp-1024x425.jpg 1024w, https:\/\/sebras.com.br\/site\/wp-content\/uploads\/2026\/01\/Remicorp-300x125.jpg 300w, https:\/\/sebras.com.br\/site\/wp-content\/uploads\/2026\/01\/Remicorp-768x319.jpg 768w, https:\/\/sebras.com.br\/site\/wp-content\/uploads\/2026\/01\/Remicorp-18x7.jpg 18w, https:\/\/sebras.com.br\/site\/wp-content\/uploads\/2026\/01\/Remicorp.jpg 1185w\" sizes=\"(max-width: 800px) 100vw, 800px\" \/>\t\t\t\t\t\t\t\t\t\t\t\t\t\t\t<\/div>\n\t\t\t\t<\/div>\n\t\t\t\t<div class=\"elementor-element elementor-element-1bfe9dd elementor-widget elementor-widget-text-editor\" data-id=\"1bfe9dd\" data-element_type=\"widget\" data-widget_type=\"text-editor.default\">\n\t\t\t\t<div class=\"elementor-widget-container\">\n\t\t\t\t\t\t\t\t\t<p><strong>Remicorp<\/strong> <br \/><em><strong>Pa\u00eds:<\/strong> Bol\u00edvia<\/em><\/p><p><strong>Diretor<\/strong> &#8211; Carlos Scheidl<br \/>cescheidl@remicorp.com.bo | +591 77835529<br \/><strong>Representante<\/strong> &#8211; Christian Soliz<br \/>csoliz@remicorp.com.bo | +591 78482855<\/p><p><strong>Site:<\/strong> <a href=\"https:\/\/remicorp.com.bo\/\" target=\"_blank\" rel=\"noopener\">https:\/\/remicorp.com.bo\/<\/a><\/p>\t\t\t\t\t\t\t\t<\/div>\n\t\t\t\t<\/div>\n\t\t\t\t<div class=\"elementor-element elementor-element-16dc2e6 elementor-widget elementor-widget-image\" data-id=\"16dc2e6\" data-element_type=\"widget\" data-widget_type=\"image.default\">\n\t\t\t\t<div class=\"elementor-widget-container\">\n\t\t\t\t\t\t\t\t\t\t\t\t\t\t\t<img loading=\"lazy\" decoding=\"async\" width=\"800\" height=\"332\" src=\"https:\/\/sebras.com.br\/site\/wp-content\/uploads\/2026\/01\/Portatec-1024x425.jpg\" class=\"attachment-large size-large wp-image-4809\" alt=\"\" srcset=\"https:\/\/sebras.com.br\/site\/wp-content\/uploads\/2026\/01\/Portatec-1024x425.jpg 1024w, https:\/\/sebras.com.br\/site\/wp-content\/uploads\/2026\/01\/Portatec-300x125.jpg 300w, https:\/\/sebras.com.br\/site\/wp-content\/uploads\/2026\/01\/Portatec-768x319.jpg 768w, https:\/\/sebras.com.br\/site\/wp-content\/uploads\/2026\/01\/Portatec-18x7.jpg 18w, https:\/\/sebras.com.br\/site\/wp-content\/uploads\/2026\/01\/Portatec.jpg 1185w\" sizes=\"(max-width: 800px) 100vw, 800px\" \/>\t\t\t\t\t\t\t\t\t\t\t\t\t\t\t<\/div>\n\t\t\t\t<\/div>\n\t\t\t\t<div class=\"elementor-element elementor-element-57c7a4d elementor-widget elementor-widget-text-editor\" data-id=\"57c7a4d\" data-element_type=\"widget\" data-widget_type=\"text-editor.default\">\n\t\t\t\t<div class=\"elementor-widget-container\">\n\t\t\t\t\t\t\t\t\t<p><strong>Arte y Muebles &#8211; Portatec<\/strong> <br \/><em><strong>Pa\u00eds:<\/strong> Paraguai<\/em><\/p><p><strong>Diretor<\/strong> &#8211; Daniel Paredes<br \/>danielparedes@arteymuebles.com.py | +595 983 608657<br \/><strong>Gerente Comercial<\/strong> &#8211; Guillermo Paredes Amarilla<br \/>comercial@portatec.com.py<\/p><p><strong>Site:<\/strong> <a href=\"https:\/\/www.portatec.com.py\/\" target=\"_blank\" rel=\"noopener\">https:\/\/www.portatec.com.py\/<\/a><\/p>\t\t\t\t\t\t\t\t<\/div>\n\t\t\t\t<\/div>\n\t\t\t\t<div class=\"elementor-element elementor-element-53994c3 elementor-widget elementor-widget-image\" data-id=\"53994c3\" data-element_type=\"widget\" data-widget_type=\"image.default\">\n\t\t\t\t<div class=\"elementor-widget-container\">\n\t\t\t\t\t\t\t\t\t\t\t\t\t\t\t<img loading=\"lazy\" decoding=\"async\" width=\"800\" height=\"332\" src=\"https:\/\/sebras.com.br\/site\/wp-content\/uploads\/2026\/01\/KPM-1024x425.jpg\" class=\"attachment-large size-large wp-image-4808\" alt=\"\" srcset=\"https:\/\/sebras.com.br\/site\/wp-content\/uploads\/2026\/01\/KPM-1024x425.jpg 1024w, https:\/\/sebras.com.br\/site\/wp-content\/uploads\/2026\/01\/KPM-300x125.jpg 300w, https:\/\/sebras.com.br\/site\/wp-content\/uploads\/2026\/01\/KPM-768x319.jpg 768w, https:\/\/sebras.com.br\/site\/wp-content\/uploads\/2026\/01\/KPM-18x7.jpg 18w, https:\/\/sebras.com.br\/site\/wp-content\/uploads\/2026\/01\/KPM.jpg 1185w\" sizes=\"(max-width: 800px) 100vw, 800px\" \/>\t\t\t\t\t\t\t\t\t\t\t\t\t\t\t<\/div>\n\t\t\t\t<\/div>\n\t\t\t\t<div class=\"elementor-element elementor-element-371ab16 elementor-widget elementor-widget-text-editor\" data-id=\"371ab16\" data-element_type=\"widget\" data-widget_type=\"text-editor.default\">\n\t\t\t\t<div class=\"elementor-widget-container\">\n\t\t\t\t\t\t\t\t\t<p><strong>KPM INGENIER\u00cdA INDUSTRIAL<\/strong><br \/><em><strong>Pa\u00eds:<\/strong> Uruguai<\/em><\/p><p><strong>Gerente de Projetos<\/strong> &#8211; Javier Vaiz<br \/>jvaiz@kpm.com.uy | +598 97 440 421<\/p><p>Site: <a href=\"https:\/\/www.kpm.com.uy\/es\/\" target=\"_blank\" rel=\"noopener\">https:\/\/www.kpm.com.uy\/es\/<\/a><\/p>\t\t\t\t\t\t\t\t<\/div>\n\t\t\t\t<\/div>\n\t\t\t\t<div class=\"elementor-element elementor-element-68b621e elementor-widget elementor-widget-image\" data-id=\"68b621e\" data-element_type=\"widget\" data-widget_type=\"image.default\">\n\t\t\t\t<div class=\"elementor-widget-container\">\n\t\t\t\t\t\t\t\t\t\t\t\t\t\t\t<img loading=\"lazy\" decoding=\"async\" width=\"800\" height=\"332\" src=\"https:\/\/sebras.com.br\/site\/wp-content\/uploads\/2026\/01\/CDSC-1024x425.jpg\" class=\"attachment-large size-large wp-image-4804\" alt=\"\" srcset=\"https:\/\/sebras.com.br\/site\/wp-content\/uploads\/2026\/01\/CDSC-1024x425.jpg 1024w, https:\/\/sebras.com.br\/site\/wp-content\/uploads\/2026\/01\/CDSC-300x125.jpg 300w, https:\/\/sebras.com.br\/site\/wp-content\/uploads\/2026\/01\/CDSC-768x319.jpg 768w, https:\/\/sebras.com.br\/site\/wp-content\/uploads\/2026\/01\/CDSC-18x7.jpg 18w, https:\/\/sebras.com.br\/site\/wp-content\/uploads\/2026\/01\/CDSC.jpg 1185w\" sizes=\"(max-width: 800px) 100vw, 800px\" \/>\t\t\t\t\t\t\t\t\t\t\t\t\t\t\t<\/div>\n\t\t\t\t<\/div>\n\t\t\t\t<div class=\"elementor-element elementor-element-028604b elementor-widget elementor-widget-text-editor\" data-id=\"028604b\" data-element_type=\"widget\" data-widget_type=\"text-editor.default\">\n\t\t\t\t<div class=\"elementor-widget-container\">\n\t\t\t\t\t\t\t\t\t<p><strong>CDSC- Comercializadora y Distribuidora San Cristobal<\/strong><br \/><em><strong>Pa\u00eds:<\/strong> Chile<\/em><\/p><p><strong>Diretor<\/strong> &#8211; Pablo Cuevas<br \/>pablo@cdschile.com | +56 9 9550 7458<br \/><strong>Representante<\/strong> &#8211; Lucas Stegmaier<br \/>Lucas.stegmaier@cdschile.com | +56 9 6827 2768<br \/><strong>Gerente Comercial<\/strong> &#8211; Walter Maldonado<br \/>Wmaldonado@cdschile.com | +56 9 7764 1401<\/p><p><strong>Site:<\/strong> <a href=\"https:\/\/cdschile.com\/\" target=\"_blank\" rel=\"noopener\">https:\/\/cdschile.com\/<\/a><\/p>\t\t\t\t\t\t\t\t<\/div>\n\t\t\t\t<\/div>\n\t\t\t\t<div class=\"elementor-element elementor-element-50060dd elementor-widget elementor-widget-image\" data-id=\"50060dd\" data-element_type=\"widget\" data-widget_type=\"image.default\">\n\t\t\t\t<div class=\"elementor-widget-container\">\n\t\t\t\t\t\t\t\t\t\t\t\t\t\t\t<img loading=\"lazy\" decoding=\"async\" width=\"800\" height=\"332\" src=\"https:\/\/sebras.com.br\/site\/wp-content\/uploads\/2026\/01\/KeH-1024x425.jpg\" class=\"attachment-large size-large wp-image-4806\" alt=\"\" srcset=\"https:\/\/sebras.com.br\/site\/wp-content\/uploads\/2026\/01\/KeH-1024x425.jpg 1024w, https:\/\/sebras.com.br\/site\/wp-content\/uploads\/2026\/01\/KeH-300x125.jpg 300w, https:\/\/sebras.com.br\/site\/wp-content\/uploads\/2026\/01\/KeH-768x319.jpg 768w, https:\/\/sebras.com.br\/site\/wp-content\/uploads\/2026\/01\/KeH-18x7.jpg 18w, https:\/\/sebras.com.br\/site\/wp-content\/uploads\/2026\/01\/KeH.jpg 1185w\" sizes=\"(max-width: 800px) 100vw, 800px\" \/>\t\t\t\t\t\t\t\t\t\t\t\t\t\t\t<\/div>\n\t\t\t\t<\/div>\n\t\t\t\t<div class=\"elementor-element elementor-element-73d8f1d elementor-widget elementor-widget-text-editor\" data-id=\"73d8f1d\" data-element_type=\"widget\" data-widget_type=\"text-editor.default\">\n\t\t\t\t<div class=\"elementor-widget-container\">\n\t\t\t\t\t\t\t\t\t<p><strong>K&amp;H <\/strong><br \/><em><strong>Pa\u00eds:<\/strong> M\u00e9xico<\/em><\/p><p><strong>Diretor<\/strong> &#8211; Karim Ituarte <br \/>direccion1@kyhindustrial.com | +52 1 442 274 2033<\/p><p>Site: <a href=\"https:\/\/kyhcomercializadora.com.mx\/\" target=\"_blank\" rel=\"noopener\">https:\/\/kyhcomercializadora.com.mx\/<\/a><\/p>\t\t\t\t\t\t\t\t<\/div>\n\t\t\t\t<\/div>\n\t\t\t\t<\/div>\n\t\t\t\t\t<\/div>\n\t\t\t\t<\/div>\n\t\t\t\t<\/div>","protected":false},"excerpt":{"rendered":"<p>Soluciones inteligentes SEBRAS, presentes en toda Am\u00e9rica. Encontre o distribuidor SEBRAS mais pr\u00f3ximo de voc\u00ea e conte com solu\u00e7\u00f5es certificadas, suporte especializado e agilidade em cada etapa do seu projeto. Grupo KosimPa\u00eds: Argentina Diretora &#8211; Patricia Ortizortiz@grupokosim.com | +54 9 11 3832-5008 Diretor &#8211; Gregorio Kellerkeller@grupokosim.com | +54 9 11 3832-5252 Site: https:\/\/grupokosim.com\/ Rodados Mediterranea [&hellip;]<\/p>\n","protected":false},"author":3,"featured_media":0,"parent":0,"menu_order":0,"comment_status":"closed","ping_status":"closed","template":"","meta":{"_acf_changed":false,"footnotes":""},"class_list":["post-4747","page","type-page","status-publish","hentry"],"acf":[],"_links":{"self":[{"href":"https:\/\/sebras.com.br\/es\/wp-json\/wp\/v2\/pages\/4747","targetHints":{"allow":["GET"]}}],"collection":[{"href":"https:\/\/sebras.com.br\/es\/wp-json\/wp\/v2\/pages"}],"about":[{"href":"https:\/\/sebras.com.br\/es\/wp-json\/wp\/v2\/types\/page"}],"author":[{"embeddable":true,"href":"https:\/\/sebras.com.br\/es\/wp-json\/wp\/v2\/users\/3"}],"replies":[{"embeddable":true,"href":"https:\/\/sebras.com.br\/es\/wp-json\/wp\/v2\/comments?post=4747"}],"version-history":[{"count":76,"href":"https:\/\/sebras.com.br\/es\/wp-json\/wp\/v2\/pages\/4747\/revisions"}],"predecessor-version":[{"id":4838,"href":"https:\/\/sebras.com.br\/es\/wp-json\/wp\/v2\/pages\/4747\/revisions\/4838"}],"wp:attachment":[{"href":"https:\/\/sebras.com.br\/es\/wp-json\/wp\/v2\/media?parent=4747"}],"curies":[{"name":"wp","href":"https:\/\/api.w.org\/{rel}","templated":true}]}}