{"id":3004,"date":"2025-06-11T16:34:40","date_gmt":"2025-06-11T19:34:40","guid":{"rendered":"https:\/\/sebras.com.br\/site\/?page_id=3004"},"modified":"2025-08-05T15:47:11","modified_gmt":"2025-08-05T18:47:11","slug":"frigorifico","status":"publish","type":"page","link":"https:\/\/sebras.com.br\/es\/frigorifico\/","title":{"rendered":"Frigor\u00edfico"},"content":{"rendered":"<div data-elementor-type=\"wp-page\" data-elementor-id=\"3004\" class=\"elementor elementor-3004\" data-elementor-post-type=\"page\">\n\t\t\t\t<div class=\"elementor-element elementor-element-208bdf6 e-flex e-con-boxed e-con e-parent\" data-id=\"208bdf6\" data-element_type=\"container\" data-settings=\"{&quot;background_background&quot;:&quot;classic&quot;,&quot;background_motion_fx_motion_fx_scrolling&quot;:&quot;yes&quot;,&quot;background_motion_fx_opacity_effect&quot;:&quot;yes&quot;,&quot;background_motion_fx_opacity_level&quot;:{&quot;unit&quot;:&quot;px&quot;,&quot;size&quot;:8,&quot;sizes&quot;:[]},&quot;background_motion_fx_opacity_direction&quot;:&quot;out-in&quot;,&quot;background_motion_fx_opacity_range&quot;:{&quot;unit&quot;:&quot;%&quot;,&quot;size&quot;:&quot;&quot;,&quot;sizes&quot;:{&quot;start&quot;:20,&quot;end&quot;:80}},&quot;background_motion_fx_devices&quot;:[&quot;desktop&quot;,&quot;tablet&quot;,&quot;mobile&quot;]}\">\n\t\t\t\t\t<div class=\"e-con-inner\">\n\t\t<div class=\"elementor-element elementor-element-0442426 e-con-full e-flex e-con e-child\" data-id=\"0442426\" data-element_type=\"container\">\n\t\t<div class=\"elementor-element elementor-element-11e4746 e-con-full e-flex e-con e-child\" data-id=\"11e4746\" data-element_type=\"container\">\n\t\t\t\t<div class=\"elementor-element elementor-element-b50cef4 elementor-absolute elementor-hidden-tablet elementor-hidden-mobile elementor-widget elementor-widget-image\" data-id=\"b50cef4\" data-element_type=\"widget\" data-settings=\"{&quot;_position&quot;:&quot;absolute&quot;}\" data-widget_type=\"image.default\">\n\t\t\t\t<div class=\"elementor-widget-container\">\n\t\t\t\t\t\t\t\t\t\t\t\t\t\t\t<img decoding=\"async\" width=\"27\" height=\"948\" src=\"https:\/\/sebras.com.br\/site\/wp-content\/uploads\/2025\/04\/Pin-Vermelho.png\" class=\"attachment-large size-large wp-image-416\" alt=\"\" \/>\t\t\t\t\t\t\t\t\t\t\t\t\t\t\t<\/div>\n\t\t\t\t<\/div>\n\t\t\t\t<\/div>\n\t\t<div class=\"elementor-element elementor-element-e651e08 e-con-full e-flex e-con e-child\" data-id=\"e651e08\" data-element_type=\"container\">\n\t\t\t\t<div class=\"elementor-element elementor-element-27b134e elementor-widget elementor-widget-heading\" data-id=\"27b134e\" data-element_type=\"widget\" data-widget_type=\"heading.default\">\n\t\t\t\t<div class=\"elementor-widget-container\">\n\t\t\t\t\t<h2 class=\"elementor-heading-title elementor-size-default\">Soluciones recomendadas para<\/h2>\t\t\t\t<\/div>\n\t\t\t\t<\/div>\n\t\t\t\t<div class=\"elementor-element elementor-element-c0ac8c0 elementor-widget elementor-widget-heading\" data-id=\"c0ac8c0\" data-element_type=\"widget\" data-widget_type=\"heading.default\">\n\t\t\t\t<div class=\"elementor-widget-container\">\n\t\t\t\t\t<h2 class=\"elementor-heading-title elementor-size-default\">FRIGOR\u00cdFICO<\/h2>\t\t\t\t<\/div>\n\t\t\t\t<\/div>\n\t\t\t\t<div class=\"elementor-element elementor-element-2a96e59 elementor-widget-divider--view-line elementor-widget elementor-widget-divider\" data-id=\"2a96e59\" data-element_type=\"widget\" data-widget_type=\"divider.default\">\n\t\t\t\t<div class=\"elementor-widget-container\">\n\t\t\t\t\t\t\t<div class=\"elementor-divider\">\n\t\t\t<span class=\"elementor-divider-separator\">\n\t\t\t\t\t\t<\/span>\n\t\t<\/div>\n\t\t\t\t\t\t<\/div>\n\t\t\t\t<\/div>\n\t\t\t\t<div class=\"elementor-element elementor-element-1cadb5e elementor-widget elementor-widget-text-editor\" data-id=\"1cadb5e\" data-element_type=\"widget\" data-widget_type=\"text-editor.default\">\n\t\t\t\t<div class=\"elementor-widget-container\">\n\t\t\t\t\t\t\t\t\t<p>Proteja c\u00e1maras frigor\u00edficas con tecnolog\u00eda y eficiencia.<\/p>\t\t\t\t\t\t\t\t<\/div>\n\t\t\t\t<\/div>\n\t\t\t\t<\/div>\n\t\t\t\t<\/div>\n\t\t\t\t\t<\/div>\n\t\t\t\t<\/div>\n\t\t<div class=\"elementor-element elementor-element-8ac04a6 e-flex e-con-boxed e-con e-parent\" data-id=\"8ac04a6\" data-element_type=\"container\" data-settings=\"{&quot;background_background&quot;:&quot;classic&quot;}\">\n\t\t\t\t\t<div class=\"e-con-inner\">\n\t\t<div class=\"elementor-element elementor-element-330616c e-con-full e-flex e-con e-child\" data-id=\"330616c\" data-element_type=\"container\">\n\t\t<div class=\"elementor-element elementor-element-ba7e7c0 e-con-full e-flex e-con e-child\" data-id=\"ba7e7c0\" data-element_type=\"container\">\n\t\t\t\t<div class=\"elementor-element elementor-element-cf430a8 elementor-widget elementor-widget-heading\" data-id=\"cf430a8\" data-element_type=\"widget\" data-widget_type=\"heading.default\">\n\t\t\t\t<div class=\"elementor-widget-container\">\n\t\t\t\t\t<h2 class=\"elementor-heading-title elementor-size-default\">Rendimiento t\u00e9rmico para entornos exigentes.<\/h2>\t\t\t\t<\/div>\n\t\t\t\t<\/div>\n\t\t\t\t<div class=\"elementor-element elementor-element-4abdfc7 elementor-widget elementor-widget-text-editor\" data-id=\"4abdfc7\" data-element_type=\"widget\" data-widget_type=\"text-editor.default\">\n\t\t\t\t<div class=\"elementor-widget-container\">\n\t\t\t\t\t\t\t\t\t<p data-start=\"222\" data-end=\"609\">Las <strong data-start=\"276\" data-end=\"321\">puertas r\u00e1pidas para frigor\u00edficos<\/strong> fueron desarrolladas especialmente para \u00e1reas refrigeradas, ofreciendo un sellado superior, agilidad en la operaci\u00f3n y un riguroso control t\u00e9rmico. Ideales para c\u00e1maras fr\u00edas, t\u00faneles de congelaci\u00f3n y zonas de manipulaci\u00f3n, ayudan a mantener una temperatura estable y a reducir la p\u00e9rdida de energ\u00eda.<\/p><p data-start=\"611\" data-end=\"968\">Con un sistema de apertura r\u00e1pida por enrollamiento vertical y paneles flexibles de lona vin\u00edlica de alta resistencia, estas puertas soportan ambientes con temperaturas negativas, previniendo la formaci\u00f3n de hielo y minimizando el intercambio t\u00e9rmico. El sistema de automatizaci\u00f3n inteligente proporciona agilidad en el flujo de personas y montacargas, garantizando higiene y seguridad alimentaria.<\/p><p>Su estructura de acero al carbono con pintura anticorrosiva est\u00e1 dise\u00f1ada para resistir la humedad y la exposici\u00f3n continua al fr\u00edo, lo que convierte a las puertas r\u00e1pidas Maxidoor en una soluci\u00f3n robusta y duradera para el sector frigor\u00edfico.<\/p>\t\t\t\t\t\t\t\t<\/div>\n\t\t\t\t<\/div>\n\t\t\t\t<\/div>\n\t\t<div class=\"elementor-element elementor-element-d85e58b e-con-full e-flex e-con e-child\" data-id=\"d85e58b\" data-element_type=\"container\">\n\t\t\t\t<\/div>\n\t\t\t\t<\/div>\n\t\t\t\t\t<\/div>\n\t\t\t\t<\/div>\n\t\t\t\t<\/div>","protected":false},"excerpt":{"rendered":"<p>Solu\u00e7\u00f5es recomendadas para FRIG\u00d3RIFICO Proteja c\u00e2maras frigor\u00edficas com tecnologia e efici\u00eancia. Desempenho t\u00e9rmico para ambientes exigentes. As Portas R\u00e1pidas para Frigor\u00edficos foram desenvolvidas especialmente para \u00e1reas refrigeradas, oferecendo veda\u00e7\u00e3o superior, agilidade na opera\u00e7\u00e3o e controle t\u00e9rmico rigoroso. Ideais para c\u00e2maras frias, t\u00faneis de congelamento e zonas de manipula\u00e7\u00e3o, elas ajudam a manter a temperatura est\u00e1vel [&hellip;]<\/p>","protected":false},"author":1,"featured_media":0,"parent":0,"menu_order":0,"comment_status":"closed","ping_status":"closed","template":"","meta":{"_acf_changed":false,"footnotes":""},"class_list":["post-3004","page","type-page","status-publish","hentry"],"acf":[],"_links":{"self":[{"href":"https:\/\/sebras.com.br\/es\/wp-json\/wp\/v2\/pages\/3004","targetHints":{"allow":["GET"]}}],"collection":[{"href":"https:\/\/sebras.com.br\/es\/wp-json\/wp\/v2\/pages"}],"about":[{"href":"https:\/\/sebras.com.br\/es\/wp-json\/wp\/v2\/types\/page"}],"author":[{"embeddable":true,"href":"https:\/\/sebras.com.br\/es\/wp-json\/wp\/v2\/users\/1"}],"replies":[{"embeddable":true,"href":"https:\/\/sebras.com.br\/es\/wp-json\/wp\/v2\/comments?post=3004"}],"version-history":[{"count":55,"href":"https:\/\/sebras.com.br\/es\/wp-json\/wp\/v2\/pages\/3004\/revisions"}],"predecessor-version":[{"id":4580,"href":"https:\/\/sebras.com.br\/es\/wp-json\/wp\/v2\/pages\/3004\/revisions\/4580"}],"wp:attachment":[{"href":"https:\/\/sebras.com.br\/es\/wp-json\/wp\/v2\/media?parent=3004"}],"curies":[{"name":"wp","href":"https:\/\/api.w.org\/{rel}","templated":true}]}}