{"id":4585,"date":"2025-08-26T08:24:55","date_gmt":"2025-08-26T11:24:55","guid":{"rendered":"https:\/\/sebras.com.br\/?page_id=4585"},"modified":"2025-08-26T08:24:55","modified_gmt":"2025-08-26T11:24:55","slug":"politica-de-privacidade-lgpd-sebras","status":"publish","type":"page","link":"https:\/\/sebras.com.br\/en\/politica-de-privacidade-lgpd-sebras\/","title":{"rendered":"Pol\u00edtica de Privacidade &#8211; LGPD &#8211; SEBRAS"},"content":{"rendered":"<p><strong>1. Pol\u00edtica de Privacidade para o site https:\/\/sebras.com.br\/<\/strong><\/p>\n<p>A pol\u00edtica de privacidade da <strong>SEBRAS Industria e Com\u00e9rcio Ltda<\/strong> reflete o seu compromisso de buscar a preserva\u00e7\u00e3o m\u00e1xima da privacidade de todos aqueles que tiverem, em algum momento, dados processados ou tratados pela empresa, em cumprimento ao que exigido pela Lei Geral de Prote\u00e7\u00e3o de Dados (LGPD), a qual determina, entre outras obriga\u00e7\u00f5es, a ado\u00e7\u00e3o de procedimentos de seguran\u00e7a.<\/p>\n<p>Esta pol\u00edtica de privacidade \u00e9 exclusiva e aplic\u00e1vel apenas ao site https:\/\/sebras.com.br\/, sendo que a empresa conta com diretrizes mais abrangentes em rela\u00e7\u00e3o \u00e0 privacidade, seguran\u00e7a da informa\u00e7\u00e3o e demais assuntos pertinentes.<\/p>\n<p>A <strong>SEBRAS Industria e Com\u00e9rcio Ltda<\/strong> trabalha de modo cont\u00ednuo para manter a privacidade e seguran\u00e7a de suas informa\u00e7\u00f5es.<\/p>\n<p>Os servi\u00e7os on-line motivam quest\u00f5es relativas \u00e0 natureza e \u00e0 confidencialidade das informa\u00e7\u00f5es coletadas sobre os clientes e visitantes. Por isto, atrav\u00e9s deste instrumento, esclareceremos alguns pontos de seu interesse, reafirmando nosso compromisso de privacidade.<\/p>\n<p><strong>2. Coleta de Informa\u00e7\u00f5es<\/strong><\/p>\n<p>O site https:\/\/sebras.com.br\/ n\u00e3o coleta quaisquer tipos de dados pessoais.<\/p>\n<p>No entanto, eventualmente, a <strong>SEBRAS Industria e Com\u00e9rcio Ltda<\/strong> poder\u00e1 coletar informa\u00e7\u00f5es quando, por exemplo, o visitante preencher um cadastro, responder a uma pesquisa ou enviar quaisquer informa\u00e7\u00f5es.<\/p>\n<p>A <strong>SEBRAS Industria e Com\u00e9rcio Ltda<\/strong> tamb\u00e9m poder\u00e1 utilizar &#8220;cookies&#8221; (arquivos de dados t\u00e9cnicos: tipo de dispositivo, sistema operacional, tipo e defini\u00e7\u00f5es de browser, endere\u00e7o de IP, defini\u00e7\u00f5es de idioma, data e hora de acesso, estat\u00edsticas e defini\u00e7\u00f5es do acesso, dados de localiza\u00e7\u00e3o e outras defini\u00e7\u00f5es necess\u00e1rias para a opera\u00e7\u00e3o do site) ou outras tecnologias similares para obter informa\u00e7\u00f5es sobre a sua visita ao nosso site, de forma a obter relat\u00f3rios de ferramentas que nos apontem quais partes do nosso site despertam maior interesse seu ou a\u00e7\u00e3o. Muito embora os &#8220;cookies&#8221; ajudem a aprimorar a experi\u00eancia da visita ao nosso site, existe a op\u00e7\u00e3o de bloque\u00e1-los nas op\u00e7\u00f5es de configura\u00e7\u00e3o de seu browser.<\/p>\n<p><strong>Que tipos de dados a SEBRAS Industria e Com\u00e9rcio Ltda coleta?<\/strong><\/p>\n<p>Dados de Cadastro: Quando \u00e9 realizado o cadastro na abas \u201cFale Conosco\u201d, \u201cOr\u00e7amento\u201d e \u201cTrabalhe Conosco\u201d coletamos os seguintes dados: Nome, E-mail, Telefone, Cidade\/UF.<\/p>\n<p><strong>3. Pol\u00edtica de Cookies<\/strong><\/p>\n<p>Utilizamos cookies para melhorar o desempenho e a sua experi\u00eancia como utilizador no nosso site.<\/p>\n<p><strong>O que s\u00e3o cookies?<\/strong><\/p>\n<p>Os cookies s\u00e3o pequenos arquivos de texto que um site, quando visitado, insere no computador do utilizador ou no seu dispositivo m\u00f3vel, atrav\u00e9s do navegador de internet (browser). A inser\u00e7\u00e3o de cookies ajudar\u00e1 o site a reconhecer o seu dispositivo numa pr\u00f3xima visita. Usamos o termo cookies nesta pol\u00edtica para referir todos os arquivos que recolhem informa\u00e7\u00f5es desta forma.<\/p>\n<p>Os cookies utilizados n\u00e3o recolhem informa\u00e7\u00e3o que identifica o utilizador, no entanto, poderemos monitorar as suas visitas ao site desde que, pelo menos, por uma vez, tenha iniciado a sua navega\u00e7\u00e3o a partir de alguma comunica\u00e7\u00e3o enviada por n\u00f3s.<\/p>\n<p>Os cookies recolhem tamb\u00e9m informa\u00e7\u00f5es gen\u00e9ricas, designadamente a forma como os utilizadores chegam e utilizam os sites ou a zona do pa\u00eds\/pa\u00edses atrav\u00e9s do qual acessam o site, etc.<\/p>\n<p>Os cookies ret\u00eam apenas informa\u00e7\u00e3o relacionada com as suas prefer\u00eancias.<br \/>\nA maioria dos navegadores est\u00e1 configurada para aceitar cookies automaticamente. Mas, se voc\u00ea n\u00e3o concordar em autorizar a coleta de cookies, pode desativ\u00e1-lo a qualquer momento.<\/p>\n<p>A qualquer momento o utilizador pode, atrav\u00e9s do seu navegador de internet decidir ser notificado sobre a recep\u00e7\u00e3o de cookies, bem como bloquear a respectiva entrada no seu sistema.<\/p>\n<p>A recusa de uso de cookies no site, pode resultar na impossibilidade de ter acesso a algumas das suas \u00e1reas ou de receber informa\u00e7\u00e3o personalizada.<\/p>\n<p><strong>Para que servem os cookies?<\/strong><\/p>\n<p>Os cookies s\u00e3o usados para ajudar a determinar a utilidade, interesse e o n\u00famero de utiliza\u00e7\u00f5es dos sites, permitindo uma navega\u00e7\u00e3o mais r\u00e1pida e eficiente e eliminando a necessidade de introduzir repetidamente as mesmas informa\u00e7\u00f5es.<\/p>\n<p><strong>Que tipo de cookies utilizamos?<\/strong><br \/>\nOs nossos cookies t\u00eam diferentes fun\u00e7\u00f5es:<\/p>\n<ul>\n<li>Cookies essenciais \u2013 Alguns cookies s\u00e3o essenciais para aceder a \u00e1reas espec\u00edficas do nosso site. Permitem a navega\u00e7\u00e3o no site e a utiliza\u00e7\u00e3o das suas aplica\u00e7\u00f5es, tal como aceder a \u00e1reas seguras do site atrav\u00e9s de login. Sem estes cookies, os servi\u00e7os que o exijam n\u00e3o podem ser prestados.<\/li>\n<li>Cookies anal\u00edticos \u2013 Utilizamos estes cookies para analisar a forma como os utilizadores usam o site e monitorar a performance deste. Isto permite-nos fornecer uma experi\u00eancia de alta qualidade ao personalizar a nossa oferta e rapidamente identificar e corrigir quaisquer problemas que surjam. Por exemplo, usamos cookies de desempenho para saber quais as p\u00e1ginas mais populares, qual o m\u00e9todo de liga\u00e7\u00e3o entre p\u00e1ginas que \u00e9 mais eficaz, ou para determinar a raz\u00e3o de algumas p\u00e1ginas estarem a receber mensagens de erro. Baseado na utiliza\u00e7\u00e3o do site, podemos tamb\u00e9m utilizar estes cookies para destacar artigos ou servi\u00e7os do site que pensamos ser do interesse dos utilizadores. Estes cookies s\u00e3o utilizados apenas para efeitos de cria\u00e7\u00e3o e an\u00e1lise estat\u00edstica, sem nunca recolher informa\u00e7\u00e3o de car\u00e1ter pessoal.<\/li>\n<li>Cookies de funcionalidade \u2013 Utilizamos cookies de funcionalidade para nos permitir relembrar as prefer\u00eancias do utilizador. Por exemplo, os cookies evitam digitar o nome do utilizador cada vez que este acesse o site. Tamb\u00e9m usamos cookies de funcionalidade para fornecer servi\u00e7os avan\u00e7ados ao utilizador, como por exemplo efetuar coment\u00e1rios a um artigo. Em resumo, os cookies de funcionalidade guardam as prefer\u00eancias do utilizador relativamente \u00e0 utiliza\u00e7\u00e3o do site, de forma que n\u00e3o seja necess\u00e1rio voltar a configurar o site cada vez que o visita.<\/li>\n<li>Cookies de terceiros \u2013 Servem para medir o sucesso de aplica\u00e7\u00f5es e a efic\u00e1cia da publicidade de terceiros no nosso site.<\/li>\n<li>Cookies de publicidade \u2013 Servem para direcionar a publicidade em fun\u00e7\u00e3o dos interesses de cada utilizador e do n\u00famero de visitas que realizou, permitindo limitar o n\u00famero de vezes do visionamento do an\u00fancio. Estes cookies ajudam a medir a efic\u00e1cia da publicidade.<\/li>\n<\/ul>\n<p><strong>Os cookies utilizados podem ser:<\/strong><\/p>\n<ul>\n<li>Cookies permanentes \u2013 Ficam armazenados ao n\u00edvel do navegador de internet nos seus dispositivos de acesso (desktop, mobile e tablet) e s\u00e3o utilizados sempre que o usu\u00e1rio faz uma nova visita ao site. Geralmente s\u00e3o utilizados para direcionar a navega\u00e7\u00e3o de acordo com os interesses do usu\u00e1rio, permitindo-nos prestar um servi\u00e7o mais personalizado.<\/li>\n<li>Cookies de sess\u00e3o \u2013 S\u00e3o tempor\u00e1rios, permanecem nos cookies do seu navegador de internet at\u00e9 sair do site. A informa\u00e7\u00e3o obtida permite identificar problemas e fornecer uma melhor experiencia de navega\u00e7\u00e3o.<\/li>\n<\/ul>\n<p>Depois de autorizar o uso de cookies, o utilizador pode sempre desativar parte ou a totalidade dos nossos cookies.<\/p>\n<p>Todos os navegadores permitem ao usu\u00e1rio aceitar, recusar ou apagar cookies, nomeadamente atrav\u00e9s da sele\u00e7\u00e3o das defini\u00e7\u00f5es apropriadas no respetivo navegador.<\/p>\n<p><strong>3. Relacionamento com Terceiros<\/strong><\/p>\n<p>Esta pol\u00edtica de privacidade adotada pela <strong>SEBRAS Industria e Com\u00e9rcio Ltda<\/strong> \u00e9 pertinente apenas ao site <strong>https:\/\/sebras.com.br\/<\/strong>, n\u00e3o sendo aplic\u00e1veis a qualquer outro &#8220;site&#8221; que a ele esteja associado ou que, de alguma forma, esteja relacionado por meio de &#8220;links&#8221; ou de outras formas de divulga\u00e7\u00e3o e acesso.<\/p>\n<p>Ao contratar outras organiza\u00e7\u00f5es para servi\u00e7os de apoio, a<strong> SEBRAS Industria e Com\u00e9rcio Ltda<\/strong> delas exige a mesma garantia de privacidade, confidencialidade e seguran\u00e7a, que s\u00e3o asseguradas em nossas pol\u00edticas de privacidade. A <strong>SEBRAS Industria e Com\u00e9rcio Ltda<\/strong> n\u00e3o ir\u00e1 vender ou alugar quaisquer de suas informa\u00e7\u00f5es pessoais a qualquer terceiro.<\/p>\n<p><strong>4. Direitos<\/strong><\/p>\n<p>Todos os textos, imagens, sons e\/ou aplicativos exibidos site <strong>https:\/\/sebras.com.br\/<\/strong>, s\u00e3o protegidos pelos direitos autorais, n\u00e3o sendo permitidas modifica\u00e7\u00f5es, reprodu\u00e7\u00f5es, armazenamentos, transmiss\u00f5es, c\u00f3pias, distribui\u00e7\u00f5es ou quaisquer outras formas de utiliza\u00e7\u00e3o para fins comerciais sem o consentimento pr\u00e9vio e formal da <strong>SEBRAS Industria e Com\u00e9rcio Ltda.<\/strong><\/p>\n<p>Tentativas de invas\u00e3o a este site ou a ele relacionados ser\u00e3o tratadas conforme prescri\u00e7\u00e3o legal como dano, roubo ou qualquer outra tipifica\u00e7\u00e3o penal que corresponda \u00e0s consequ\u00eancias da invas\u00e3o, previstas na legisla\u00e7\u00e3o penal e c\u00edvel.<\/p>\n<p><strong>5. Senhas de acesso<\/strong><\/p>\n<p>Quando o usu\u00e1rio receber um login ou senha de acesso a alguma fun\u00e7\u00e3o deste site, somente ele ter\u00e1 acesso \u00e0s suas informa\u00e7\u00f5es. A seguran\u00e7a da sua senha \u00e9 fundamental para a prote\u00e7\u00e3o de seus dados.<\/p>\n<p>Desta forma, \u00e9 de inteira responsabilidade do usu\u00e1rio a prote\u00e7\u00e3o do login e da senha para que o acesso n\u00e3o seja feito por pessoas n\u00e3o autorizadas.<\/p>\n<p><strong>6. Mudan\u00e7as na Pol\u00edtica de Privacidade<\/strong><\/p>\n<p>A <strong>SEBRAS Industria e Com\u00e9rcio Ltda<\/strong> poder\u00e1 alterar esta pol\u00edtica de privacidade sem aviso pr\u00e9vio, raz\u00e3o pela qual sugerimos sua peri\u00f3dica verifica\u00e7\u00e3o.<\/p>\n<p><strong>7. Entre em contato conosco<\/strong><\/p>\n<p>Caso queira exercer quaisquer direitos previstos na Lei Geral de Prote\u00e7\u00e3o de Dados (LGPD), esclarecer quaisquer d\u00favidas a respeito da pol\u00edtica de privacidade da <strong>SEBRAS Industria e Com\u00e9rcio Ltda<\/strong> e\/ou apresentar solicita\u00e7\u00f5es e\/ou reclama\u00e7\u00f5es envolvendo privacidade de dados, o titular dos dados poder\u00e1 entrar em contato com nosso encarregado de dados pelo e-mail <strong>lgpd@sebras.com.br<\/strong> ou nos encaminhe suas d\u00favidas, reclama\u00e7\u00f5es e\/ou solicita\u00e7\u00f5es para o seguinte endere\u00e7o em:<\/p>\n<p><strong>SEBRAS Industria e Com\u00e9rcio Ltda<\/strong><br \/>\nCNPJ sob o n\u00ba05.820.555\/0001-01 A\/C: Departamento Administrativo Encarregado de dados: Fernando Grahl<br \/>\nEndere\u00e7o Rua Hoefel Sander, n\u00ba 65,<br \/>\nCEP 93044-830<\/p>\n<p><strong>8. Solicita\u00e7\u00f5es<\/strong><\/p>\n<p>O titular de dados pessoais poder\u00e1 enviar \u00e0 SEBRAS Industria e Com\u00e9rcio Ltda solicita\u00e7\u00f5es relativas ao uso de seus dados pessoais pela SEBRAS Industria e Com\u00e9rcio Ltda para o e-mail lgpd@sebras.com.br.<\/p>","protected":false},"excerpt":{"rendered":"<p>1. Pol\u00edtica de Privacidade para o site https:\/\/sebras.com.br\/ A pol\u00edtica de privacidade da SEBRAS Industria e Com\u00e9rcio Ltda reflete o seu compromisso de buscar a preserva\u00e7\u00e3o m\u00e1xima da privacidade de todos aqueles que tiverem, em algum momento, dados processados ou tratados pela empresa, em cumprimento ao que exigido pela Lei Geral de Prote\u00e7\u00e3o de Dados [&hellip;]<\/p>\n","protected":false},"author":3,"featured_media":0,"parent":0,"menu_order":0,"comment_status":"closed","ping_status":"closed","template":"","meta":{"_acf_changed":false,"footnotes":""},"class_list":["post-4585","page","type-page","status-publish","hentry"],"acf":[],"_links":{"self":[{"href":"https:\/\/sebras.com.br\/en\/wp-json\/wp\/v2\/pages\/4585","targetHints":{"allow":["GET"]}}],"collection":[{"href":"https:\/\/sebras.com.br\/en\/wp-json\/wp\/v2\/pages"}],"about":[{"href":"https:\/\/sebras.com.br\/en\/wp-json\/wp\/v2\/types\/page"}],"author":[{"embeddable":true,"href":"https:\/\/sebras.com.br\/en\/wp-json\/wp\/v2\/users\/3"}],"replies":[{"embeddable":true,"href":"https:\/\/sebras.com.br\/en\/wp-json\/wp\/v2\/comments?post=4585"}],"version-history":[{"count":2,"href":"https:\/\/sebras.com.br\/en\/wp-json\/wp\/v2\/pages\/4585\/revisions"}],"predecessor-version":[{"id":4587,"href":"https:\/\/sebras.com.br\/en\/wp-json\/wp\/v2\/pages\/4585\/revisions\/4587"}],"wp:attachment":[{"href":"https:\/\/sebras.com.br\/en\/wp-json\/wp\/v2\/media?parent=4585"}],"curies":[{"name":"wp","href":"https:\/\/api.w.org\/{rel}","templated":true}]}}