{"id":3005,"date":"2025-06-11T16:34:48","date_gmt":"2025-06-11T19:34:48","guid":{"rendered":"https:\/\/sebras.com.br\/site\/?page_id=3005"},"modified":"2025-06-11T17:32:47","modified_gmt":"2025-06-11T20:32:47","slug":"maquinas-e-equipamentos","status":"publish","type":"page","link":"https:\/\/sebras.com.br\/en\/maquinas-e-equipamentos\/","title":{"rendered":"Machines and Equipment"},"content":{"rendered":"<div data-elementor-type=\"wp-page\" data-elementor-id=\"3005\" class=\"elementor elementor-3005\" data-elementor-post-type=\"page\">\n\t\t\t\t<div class=\"elementor-element elementor-element-d9a37c7 e-flex e-con-boxed e-con e-parent\" data-id=\"d9a37c7\" data-element_type=\"container\" data-settings=\"{&quot;background_background&quot;:&quot;slideshow&quot;,&quot;background_slideshow_gallery&quot;:[{&quot;id&quot;:3034,&quot;url&quot;:&quot;https:\\\/\\\/sebras.com.br\\\/site\\\/wp-content\\\/uploads\\\/2025\\\/06\\\/938ae21f-b853-46e5-bf9f-3281f5a382a0-scaled.jpg&quot;}],&quot;background_slideshow_loop&quot;:&quot;yes&quot;,&quot;background_slideshow_slide_duration&quot;:5000,&quot;background_slideshow_slide_transition&quot;:&quot;fade&quot;,&quot;background_slideshow_transition_duration&quot;:500}\">\n\t\t\t\t\t<div class=\"e-con-inner\">\n\t\t<div class=\"elementor-element elementor-element-2706867 e-con-full e-flex e-con e-child\" data-id=\"2706867\" data-element_type=\"container\">\n\t\t<div class=\"elementor-element elementor-element-69be892 e-con-full e-flex e-con e-child\" data-id=\"69be892\" data-element_type=\"container\">\n\t\t\t\t<div class=\"elementor-element elementor-element-98fba3a elementor-absolute elementor-hidden-tablet elementor-hidden-mobile elementor-widget elementor-widget-image\" data-id=\"98fba3a\" data-element_type=\"widget\" data-settings=\"{&quot;_position&quot;:&quot;absolute&quot;}\" data-widget_type=\"image.default\">\n\t\t\t\t<div class=\"elementor-widget-container\">\n\t\t\t\t\t\t\t\t\t\t\t\t\t\t\t<img decoding=\"async\" width=\"27\" height=\"948\" src=\"https:\/\/sebras.com.br\/site\/wp-content\/uploads\/2025\/04\/Pin-Vermelho.png\" class=\"attachment-large size-large wp-image-416\" alt=\"\" \/>\t\t\t\t\t\t\t\t\t\t\t\t\t\t\t<\/div>\n\t\t\t\t<\/div>\n\t\t\t\t<\/div>\n\t\t<div class=\"elementor-element elementor-element-e810e03 e-con-full e-flex e-con e-child\" data-id=\"e810e03\" data-element_type=\"container\">\n\t\t\t\t<div class=\"elementor-element elementor-element-6f456a3 elementor-widget elementor-widget-heading\" data-id=\"6f456a3\" data-element_type=\"widget\" data-widget_type=\"heading.default\">\n\t\t\t\t<div class=\"elementor-widget-container\">\n\t\t\t\t\t<h2 class=\"elementor-heading-title elementor-size-default\">Recommended solutions for<\/h2>\t\t\t\t<\/div>\n\t\t\t\t<\/div>\n\t\t\t\t<div class=\"elementor-element elementor-element-8fbb281 elementor-widget elementor-widget-heading\" data-id=\"8fbb281\" data-element_type=\"widget\" data-widget_type=\"heading.default\">\n\t\t\t\t<div class=\"elementor-widget-container\">\n\t\t\t\t\t<h2 class=\"elementor-heading-title elementor-size-default\">Machines<\/br>\nand equipment<\/h2>\t\t\t\t<\/div>\n\t\t\t\t<\/div>\n\t\t\t\t<div class=\"elementor-element elementor-element-37f1fba elementor-widget-divider--view-line elementor-widget elementor-widget-divider\" data-id=\"37f1fba\" data-element_type=\"widget\" data-widget_type=\"divider.default\">\n\t\t\t\t<div class=\"elementor-widget-container\">\n\t\t\t\t\t\t\t<div class=\"elementor-divider\">\n\t\t\t<span class=\"elementor-divider-separator\">\n\t\t\t\t\t\t<\/span>\n\t\t<\/div>\n\t\t\t\t\t\t<\/div>\n\t\t\t\t<\/div>\n\t\t\t\t<div class=\"elementor-element elementor-element-1e907d4 elementor-widget elementor-widget-text-editor\" data-id=\"1e907d4\" data-element_type=\"widget\" data-widget_type=\"text-editor.default\">\n\t\t\t\t<div class=\"elementor-widget-container\">\n\t\t\t\t\t\t\t\t\t<p>Protect machines and equipment with speed and safety.<\/p>\t\t\t\t\t\t\t\t<\/div>\n\t\t\t\t<\/div>\n\t\t\t\t<\/div>\n\t\t\t\t<\/div>\n\t\t\t\t\t<\/div>\n\t\t\t\t<\/div>\n\t\t<div class=\"elementor-element elementor-element-6c65f75 e-flex e-con-boxed e-con e-parent\" data-id=\"6c65f75\" data-element_type=\"container\" data-settings=\"{&quot;background_background&quot;:&quot;classic&quot;}\">\n\t\t\t\t\t<div class=\"e-con-inner\">\n\t\t<div class=\"elementor-element elementor-element-62c7c10 e-con-full e-flex e-con e-child\" data-id=\"62c7c10\" data-element_type=\"container\">\n\t\t<div class=\"elementor-element elementor-element-daa0a5a e-con-full e-flex e-con e-child\" data-id=\"daa0a5a\" data-element_type=\"container\">\n\t\t\t\t<div class=\"elementor-element elementor-element-14a3fd5 elementor-widget elementor-widget-heading\" data-id=\"14a3fd5\" data-element_type=\"widget\" data-widget_type=\"heading.default\">\n\t\t\t\t<div class=\"elementor-widget-container\">\n\t\t\t\t\t<h2 class=\"elementor-heading-title elementor-size-default\">The ideal solution for dynamic industrial environments.<\/h2>\t\t\t\t<\/div>\n\t\t\t\t<\/div>\n\t\t\t\t<div class=\"elementor-element elementor-element-42645d8 elementor-widget elementor-widget-text-editor\" data-id=\"42645d8\" data-element_type=\"widget\" data-widget_type=\"text-editor.default\">\n\t\t\t\t<div class=\"elementor-widget-container\">\n\t\t\t\t\t\t\t\t\t<p data-start=\"217\" data-end=\"538\">The <strong data-start=\"280\" data-end=\"307\">High-speed doors<\/strong>\u00a0are designed to offer efficient protection and safe operation in areas with heavy traffic of machines and equipment. They are ideal for general industries, logistics centers, production, maintenance, and storage areas.<\/p><p data-start=\"540\" data-end=\"769\">With a fast-opening system by vertical rolling and flexible panels in reinforced vinyl canvas, these doors optimize operational flow, reduce downtime, and increase the safety of employees and industrial assets.<\/p><p data-start=\"771\" data-end=\"1050\">In addition to speeding up access, they contribute to the control of temperature, dust, and humidity, preserving the ideal conditions for equipment operation. Their robust structure, made of carbon steel with anti-corrosion paint, ensures high durability even in demanding environments.<\/p>\t\t\t\t\t\t\t\t<\/div>\n\t\t\t\t<\/div>\n\t\t\t\t<\/div>\n\t\t<div class=\"elementor-element elementor-element-c060107 e-con-full e-flex e-con e-child\" data-id=\"c060107\" data-element_type=\"container\">\n\t\t\t\t<\/div>\n\t\t\t\t<\/div>\n\t\t<div class=\"elementor-element elementor-element-82d9100 e-con-full e-flex e-con e-child\" data-id=\"82d9100\" data-element_type=\"container\">\n\t\t\t\t<div class=\"elementor-element elementor-element-8408fd8 elementor-grid-3 elementor-grid-tablet-2 elementor-grid-mobile-1 elementor-widget elementor-widget-loop-grid\" data-id=\"8408fd8\" data-element_type=\"widget\" data-settings=\"{&quot;template_id&quot;:447,&quot;_skin&quot;:&quot;post&quot;,&quot;columns&quot;:&quot;3&quot;,&quot;columns_tablet&quot;:&quot;2&quot;,&quot;columns_mobile&quot;:&quot;1&quot;,&quot;edit_handle_selector&quot;:&quot;[data-elementor-type=\\&quot;loop-item\\&quot;]&quot;,&quot;row_gap&quot;:{&quot;unit&quot;:&quot;px&quot;,&quot;size&quot;:&quot;&quot;,&quot;sizes&quot;:[]},&quot;row_gap_tablet&quot;:{&quot;unit&quot;:&quot;px&quot;,&quot;size&quot;:&quot;&quot;,&quot;sizes&quot;:[]},&quot;row_gap_mobile&quot;:{&quot;unit&quot;:&quot;px&quot;,&quot;size&quot;:&quot;&quot;,&quot;sizes&quot;:[]}}\" data-widget_type=\"loop-grid.post\">\n\t\t\t\t<div class=\"elementor-widget-container\">\n\t\t\t\t\t\t\t<div class=\"e-loop-nothing-found-message\">\n\t\t\t\t\t<div class=\"e-loop-nothing-found-message__text\">\n\t\t\t\tNo products registered in this category.\t\t\t<\/div>\n\t\t\t<\/div>\n\t\t\t\t\t\t<\/div>\n\t\t\t\t<\/div>\n\t\t\t\t<\/div>\n\t\t\t\t\t<\/div>\n\t\t\t\t<\/div>\n\t\t\t\t<\/div>","protected":false},"excerpt":{"rendered":"<p>Solu\u00e7\u00f5es recomendadas para Maquinas e Equipamentos Proteja m\u00e1quinas e equipamentos com agilidade e seguran\u00e7a. A solu\u00e7\u00e3o ideal para ambientes industriais din\u00e2micos. As Portas R\u00e1pidas\u00a0s\u00e3o projetadas para oferecer prote\u00e7\u00e3o eficiente e opera\u00e7\u00e3o segura em \u00e1reas com grande movimenta\u00e7\u00e3o de m\u00e1quinas e equipamentos. S\u00e3o ideais para ind\u00fastrias em geral, centros log\u00edsticos, \u00e1reas de produ\u00e7\u00e3o, manuten\u00e7\u00e3o e armazenamento. [&hellip;]<\/p>","protected":false},"author":1,"featured_media":0,"parent":0,"menu_order":0,"comment_status":"closed","ping_status":"closed","template":"","meta":{"_acf_changed":false,"footnotes":""},"class_list":["post-3005","page","type-page","status-publish","hentry"],"acf":[],"_links":{"self":[{"href":"https:\/\/sebras.com.br\/en\/wp-json\/wp\/v2\/pages\/3005","targetHints":{"allow":["GET"]}}],"collection":[{"href":"https:\/\/sebras.com.br\/en\/wp-json\/wp\/v2\/pages"}],"about":[{"href":"https:\/\/sebras.com.br\/en\/wp-json\/wp\/v2\/types\/page"}],"author":[{"embeddable":true,"href":"https:\/\/sebras.com.br\/en\/wp-json\/wp\/v2\/users\/1"}],"replies":[{"embeddable":true,"href":"https:\/\/sebras.com.br\/en\/wp-json\/wp\/v2\/comments?post=3005"}],"version-history":[{"count":13,"href":"https:\/\/sebras.com.br\/en\/wp-json\/wp\/v2\/pages\/3005\/revisions"}],"predecessor-version":[{"id":3039,"href":"https:\/\/sebras.com.br\/en\/wp-json\/wp\/v2\/pages\/3005\/revisions\/3039"}],"wp:attachment":[{"href":"https:\/\/sebras.com.br\/en\/wp-json\/wp\/v2\/media?parent=3005"}],"curies":[{"name":"wp","href":"https:\/\/api.w.org\/{rel}","templated":true}]}}